{"id":124,"date":"2022-10-08T21:29:00","date_gmt":"2022-10-08T19:29:00","guid":{"rendered":"http:\/\/claire-luce-interprete-lsf.fr\/?page_id=124"},"modified":"2023-01-02T22:03:43","modified_gmt":"2023-01-02T21:03:43","slug":"mon-parcours","status":"publish","type":"page","link":"https:\/\/claire-luce-interprete-lsf.fr\/index.php\/mon-parcours\/","title":{"rendered":"Mon parcours d&#8217;interpr\u00e8te LSF"},"content":{"rendered":"\n<div class=\"wp-block-columns is-layout-flex wp-container-core-columns-is-layout-9d6595d7 wp-block-columns-is-layout-flex\">\n<div class=\"wp-block-column is-layout-flow wp-block-column-is-layout-flow\" style=\"flex-basis:33.33%\">\n<figure class=\"wp-block-image\"><img loading=\"lazy\" decoding=\"async\" width=\"1205\" height=\"1321\" src=\"http:\/\/claire-luce-interprete-lsf.fr\/wp-content\/uploads\/2022\/11\/Claire-interpretation-mon-parcours.jpg\" alt=\"Claire Luce interpr\u00e9tation Langue des signes fran\u00e7aise \" class=\"wp-image-244\" srcset=\"https:\/\/claire-luce-interprete-lsf.fr\/wp-content\/uploads\/2022\/11\/Claire-interpretation-mon-parcours.jpg 1205w, https:\/\/claire-luce-interprete-lsf.fr\/wp-content\/uploads\/2022\/11\/Claire-interpretation-mon-parcours-274x300.jpg 274w, https:\/\/claire-luce-interprete-lsf.fr\/wp-content\/uploads\/2022\/11\/Claire-interpretation-mon-parcours-934x1024.jpg 934w, https:\/\/claire-luce-interprete-lsf.fr\/wp-content\/uploads\/2022\/11\/Claire-interpretation-mon-parcours-768x842.jpg 768w\" sizes=\"auto, (max-width: 1205px) 100vw, 1205px\" \/><\/figure>\n<\/div>\n\n\n\n<div class=\"wp-block-column is-layout-flow wp-block-column-is-layout-flow\" style=\"flex-basis:66.66%\">\n<p><em>\u201c<em>La premi\u00e8re fois que je suis arriv\u00e9e dans le&nbsp;<strong>monde des Sourds<\/strong>&nbsp;de fa\u00e7on professionnelle, et non plus familiale, c\u2019\u00e9tait pour accompagner le Club \u00c2ge d\u2019Or des Sourds de Caen et du Calvados afin de leur pr\u00eater mes oreilles et ma voix pour leur projet de cr\u00e9ation du \u201cPremier Congr\u00e8s National des Retrait\u00e9s Sourds de France\u201d. Nous sommes en 1999, le Congr\u00e8s se d\u00e9roule en 2000. Cette exp\u00e9rience b\u00e9n\u00e9vole a su me conforter dans mon choix de carri\u00e8re. A l\u2019\u00e9poque le distinguo entre&nbsp;<strong>interpr\u00e8te en Langue des Signes Fran\u00e7aise<\/strong>&nbsp;et&nbsp;<strong>interface de communication<\/strong>&nbsp;n\u2019\u00e9tait pas tr\u00e8s clair. L\u2019ARIADA (Association R\u00e9gionale pour l\u2019Insertion et l\u2019Accessibilit\u00e9 de D\u00e9ficients Auditifs) aujourd\u2019hui ferm\u00e9e, ne disposait pas de poste d\u2019interpr\u00e8te. A vrai dire dans l\u2019ex Basse-Normandie de l\u2019\u00e9poque, aucune autre structure n\u2019\u00e9tait pr\u00e9sente sur le territoire. J\u2019ai donc fait mes premi\u00e8res armes en tant qu\u2019interface de communication.<\/em><\/em><\/p>\n<\/div>\n<\/div>\n\n\n\n<img decoding=\"async\" src=\"https:\/\/media.istockphoto.com\/id\/1310634705\/fr\/vectoriel\/mod%C3%A8le-de-lecteur-vid%C3%A9o-pour-applications-web-ou-mobiles-blogs.jpg?s=612x612&amp;w=0&amp;k=20&amp;c=0K-b-ELJehY8oGN0WXVsu8nIawd2aLCsrnOo6SAhhFQ=\" width=\"100%\">\n\n\n\n<p>(Les vid\u00e9os ne sont pas encore actives, elles sont en pr\u00e9paration, merci de votre patience)<\/p>\n\n\n\n<p><em>Assez rapidement j\u2019ai compris qu\u2019il manquait la ressource d\u2019interpr\u00e9tation en interne, j\u2019\u00e9tais convaincue qu\u2019il \u00e9tait plus que n\u00e9cessaire de mettre \u00e0 disposition du public une profession donnant acc\u00e8s \u00e0 une enti\u00e8re autonomie. Je suis donc partie me former au m\u00e9tier d\u2019interpr\u00e8te en obtenant le dipl\u00f4me ad\u00e9quat via la formation Universitaire Paris 8- SERAC en 2006. De retour dans l\u2019association, j\u2019ai pu ouvrir et construire ce nouveau service. Au cours des ann\u00e9es qui ont suivi, j\u2019ai eu la chance de travailler avec d\u2019autres corps de m\u00e9tiers qui m\u2019ont permis d\u2019apprendre \u00e0 respecter les choix de vie des <strong>Sourds et des malentendants<\/strong> et de leur proposer l\u2019outil de communication qu\u2019ils attendent. Travailler avec des <strong>m\u00e9diateurs<\/strong> \/ <strong>m\u00e9diatrices LSF<\/strong> , des <strong>ergonomes LSF<\/strong>, des <strong>codeurs<\/strong> \/ <strong>codeuses LfPC<\/strong> (Langue fran\u00e7aise Parl\u00e9e Compl\u00e9t\u00e9e) a \u00e9tait tr\u00e8s enrichissant. En 2019 l\u2019ARIADA ferme d\u00e9finitivement, \u00e0 la fin de cette m\u00eame ann\u00e9e ARIS Normandie est cr\u00e9\u00e9. J\u2019ai la joie de pouvoir continuer mon m\u00e9tier d\u2019interpr\u00e8te et de travailler encore avec de nombreux corps de m\u00e9tiers. 2022 est une ann\u00e9e difficile pour ARIS, je fais le choix de reprendre une activit\u00e9 en auto-entreprise que j\u2019avais exerc\u00e9 pendant les mois entre la fermeture de l\u2019ARIADA et l\u2019ouverture d\u2019ARIS Normandie. Le 30 septembre, ARIS annonce la fin d\u00e9finitive de son activit\u00e9, forte de toutes mes exp\u00e9riences je suis pr\u00eate \u00e0 continuer.\u201d<\/em><\/p>\n","protected":false},"excerpt":{"rendered":"<p>\u201cLa premi\u00e8re fois que je suis arriv\u00e9e dans le&nbsp;monde des Sourds&nbsp;de fa\u00e7on professionnelle, et non plus familiale, c\u2019\u00e9tait pour accompagner le Club \u00c2ge d\u2019Or des Sourds de Caen et du Calvados afin de leur pr\u00eater mes oreilles et ma voix pour leur projet de cr\u00e9ation du \u201cPremier Congr\u00e8s National des Retrait\u00e9s Sourds de France\u201d. Nous &hellip; <\/p>\n<p class=\"link-more\"><a href=\"https:\/\/claire-luce-interprete-lsf.fr\/index.php\/mon-parcours\/\" class=\"more-link\">Continue reading<span class=\"screen-reader-text\"> &#8220;Mon parcours d&#8217;interpr\u00e8te LSF&#8221;<\/span><\/a><\/p>\n","protected":false},"author":1,"featured_media":0,"parent":0,"menu_order":0,"comment_status":"closed","ping_status":"closed","template":"","meta":{"_monsterinsights_skip_tracking":false,"_monsterinsights_sitenote_active":false,"_monsterinsights_sitenote_note":"","_monsterinsights_sitenote_category":0,"footnotes":""},"class_list":["post-124","page","type-page","status-publish","hentry","entry"],"_links":{"self":[{"href":"https:\/\/claire-luce-interprete-lsf.fr\/index.php\/wp-json\/wp\/v2\/pages\/124","targetHints":{"allow":["GET"]}}],"collection":[{"href":"https:\/\/claire-luce-interprete-lsf.fr\/index.php\/wp-json\/wp\/v2\/pages"}],"about":[{"href":"https:\/\/claire-luce-interprete-lsf.fr\/index.php\/wp-json\/wp\/v2\/types\/page"}],"author":[{"embeddable":true,"href":"https:\/\/claire-luce-interprete-lsf.fr\/index.php\/wp-json\/wp\/v2\/users\/1"}],"replies":[{"embeddable":true,"href":"https:\/\/claire-luce-interprete-lsf.fr\/index.php\/wp-json\/wp\/v2\/comments?post=124"}],"version-history":[{"count":12,"href":"https:\/\/claire-luce-interprete-lsf.fr\/index.php\/wp-json\/wp\/v2\/pages\/124\/revisions"}],"predecessor-version":[{"id":440,"href":"https:\/\/claire-luce-interprete-lsf.fr\/index.php\/wp-json\/wp\/v2\/pages\/124\/revisions\/440"}],"wp:attachment":[{"href":"https:\/\/claire-luce-interprete-lsf.fr\/index.php\/wp-json\/wp\/v2\/media?parent=124"}],"curies":[{"name":"wp","href":"https:\/\/api.w.org\/{rel}","templated":true}]}}