{"id":203,"date":"2022-10-21T01:11:47","date_gmt":"2022-10-20T23:11:47","guid":{"rendered":"http:\/\/claire-luce-interprete-lsf.fr\/?page_id=203"},"modified":"2023-01-02T22:02:07","modified_gmt":"2023-01-02T21:02:07","slug":"interpretation-de-reunion","status":"publish","type":"page","link":"https:\/\/claire-luce-interprete-lsf.fr\/index.php\/interpretation-de-reunion\/","title":{"rendered":"Interpr\u00e9tation de r\u00e9union"},"content":{"rendered":"\n<div class=\"wp-block-columns is-layout-flex wp-container-core-columns-is-layout-9d6595d7 wp-block-columns-is-layout-flex\">\n<div class=\"wp-block-column is-layout-flow wp-block-column-is-layout-flow\">\n<figure class=\"wp-block-image size-full\"><img loading=\"lazy\" decoding=\"async\" width=\"965\" height=\"651\" src=\"http:\/\/claire-luce-interprete-lsf.fr\/wp-content\/uploads\/2022\/12\/interpretation-reunion-LSF-1.jpg\" alt=\"interpretation-reunion-LSF\" class=\"wp-image-364\" srcset=\"https:\/\/claire-luce-interprete-lsf.fr\/wp-content\/uploads\/2022\/12\/interpretation-reunion-LSF-1.jpg 965w, https:\/\/claire-luce-interprete-lsf.fr\/wp-content\/uploads\/2022\/12\/interpretation-reunion-LSF-1-300x202.jpg 300w, https:\/\/claire-luce-interprete-lsf.fr\/wp-content\/uploads\/2022\/12\/interpretation-reunion-LSF-1-768x518.jpg 768w\" sizes=\"auto, (max-width: 965px) 100vw, 965px\" \/><\/figure>\n<\/div>\n\n\n\n<div class=\"wp-block-column is-layout-flow wp-block-column-is-layout-flow\">\n<p>D\u00e8s que le nombre de personnes pr\u00e9sentes atteint une dizaine de participants nous parlons d&#8217;<strong>interpr\u00e9tation de r\u00e9union<\/strong>. Il peut s&#8217;agir de <strong>r\u00e9union scolaire, professionnelle, d&#8217;association,<\/strong> etc. Certaines formations entrent dans ce cadre.<\/p>\n<\/div>\n<\/div>\n\n\n\n<img decoding=\"async\" src=\"https:\/\/media.istockphoto.com\/id\/1310634705\/fr\/vectoriel\/mod%C3%A8le-de-lecteur-vid%C3%A9o-pour-applications-web-ou-mobiles-blogs.jpg?s=612x612&amp;w=0&amp;k=20&amp;c=0K-b-ELJehY8oGN0WXVsu8nIawd2aLCsrnOo6SAhhFQ=\" width=\"100%\">\n\n\n\n<p><em>Les vid\u00e9os ne sont pas encore actives, elles sont en pr\u00e9paration, merci de votre patience<\/em><\/p>\n\n\n\n<p>En entreprise, dans les r\u00e9unions de structures ou des r\u00e9unions d&#8217;associations, il n&#8217;est pas rare de faire intervenir un interpr\u00e8te. En g\u00e9n\u00e9ral nous pr\u00e9f\u00e9rons \u00eatre deux directement: ainsi personne n&#8217;a \u00e0 s&#8217;inqui\u00e9ter d&#8217;interrompre les \u00e9changes au bout de 50 minutes afin que l&#8217;interpr\u00e8te puisse souffler 10 minutes. Apr\u00e8s bien s\u00fbr, le co\u00fbt n&#8217;est pas le m\u00eame c&#8217;est un fait.<\/p>\n","protected":false},"excerpt":{"rendered":"<p>D\u00e8s que le nombre de personnes pr\u00e9sentes atteint une dizaine de participants nous parlons d&#8217;interpr\u00e9tation de r\u00e9union. Il peut s&#8217;agir de r\u00e9union scolaire, professionnelle, d&#8217;association, etc. Certaines formations entrent dans ce cadre. Les vid\u00e9os ne sont pas encore actives, elles sont en pr\u00e9paration, merci de votre patience En entreprise, dans les r\u00e9unions de structures ou &hellip; <\/p>\n<p class=\"link-more\"><a href=\"https:\/\/claire-luce-interprete-lsf.fr\/index.php\/interpretation-de-reunion\/\" class=\"more-link\">Continue reading<span class=\"screen-reader-text\"> &#8220;Interpr\u00e9tation de r\u00e9union&#8221;<\/span><\/a><\/p>\n","protected":false},"author":1,"featured_media":0,"parent":0,"menu_order":0,"comment_status":"closed","ping_status":"closed","template":"","meta":{"_monsterinsights_skip_tracking":false,"_monsterinsights_sitenote_active":false,"_monsterinsights_sitenote_note":"","_monsterinsights_sitenote_category":0,"footnotes":""},"class_list":["post-203","page","type-page","status-publish","hentry","entry"],"_links":{"self":[{"href":"https:\/\/claire-luce-interprete-lsf.fr\/index.php\/wp-json\/wp\/v2\/pages\/203","targetHints":{"allow":["GET"]}}],"collection":[{"href":"https:\/\/claire-luce-interprete-lsf.fr\/index.php\/wp-json\/wp\/v2\/pages"}],"about":[{"href":"https:\/\/claire-luce-interprete-lsf.fr\/index.php\/wp-json\/wp\/v2\/types\/page"}],"author":[{"embeddable":true,"href":"https:\/\/claire-luce-interprete-lsf.fr\/index.php\/wp-json\/wp\/v2\/users\/1"}],"replies":[{"embeddable":true,"href":"https:\/\/claire-luce-interprete-lsf.fr\/index.php\/wp-json\/wp\/v2\/comments?post=203"}],"version-history":[{"count":6,"href":"https:\/\/claire-luce-interprete-lsf.fr\/index.php\/wp-json\/wp\/v2\/pages\/203\/revisions"}],"predecessor-version":[{"id":437,"href":"https:\/\/claire-luce-interprete-lsf.fr\/index.php\/wp-json\/wp\/v2\/pages\/203\/revisions\/437"}],"wp:attachment":[{"href":"https:\/\/claire-luce-interprete-lsf.fr\/index.php\/wp-json\/wp\/v2\/media?parent=203"}],"curies":[{"name":"wp","href":"https:\/\/api.w.org\/{rel}","templated":true}]}}