{"id":207,"date":"2022-10-21T01:12:18","date_gmt":"2022-10-20T23:12:18","guid":{"rendered":"http:\/\/claire-luce-interprete-lsf.fr\/?page_id=207"},"modified":"2023-11-28T20:39:04","modified_gmt":"2023-11-28T19:39:04","slug":"interpretation-de-conference","status":"publish","type":"page","link":"https:\/\/claire-luce-interprete-lsf.fr\/index.php\/interpretation-de-conference\/","title":{"rendered":"Interpr\u00e9tation de conf\u00e9rence"},"content":{"rendered":"\n<p>Cette cat\u00e9gorie regroupe \u00e9galement les <strong>grandes r\u00e9unions<\/strong> ou les contenus plus cons\u00e9quents. Certaines <strong>formations<\/strong> entre \u00e9galement dans ce cadre.<\/p>\n\n\n\n<div class=\"wp-block-columns is-layout-flex wp-container-core-columns-is-layout-9d6595d7 wp-block-columns-is-layout-flex\">\n<div class=\"wp-block-column is-layout-flow wp-block-column-is-layout-flow\">\n<figure class=\"wp-block-image size-large\"><img loading=\"lazy\" decoding=\"async\" width=\"1024\" height=\"676\" src=\"http:\/\/claire-luce-interprete-lsf.fr\/wp-content\/uploads\/2022\/12\/conference-1024x676.jpg\" alt=\"Interpr\u00e9tation de conf\u00e9rence LSF\" class=\"wp-image-349\" srcset=\"https:\/\/claire-luce-interprete-lsf.fr\/wp-content\/uploads\/2022\/12\/conference-1024x676.jpg 1024w, https:\/\/claire-luce-interprete-lsf.fr\/wp-content\/uploads\/2022\/12\/conference-300x198.jpg 300w, https:\/\/claire-luce-interprete-lsf.fr\/wp-content\/uploads\/2022\/12\/conference-768x507.jpg 768w, https:\/\/claire-luce-interprete-lsf.fr\/wp-content\/uploads\/2022\/12\/conference-1536x1014.jpg 1536w, https:\/\/claire-luce-interprete-lsf.fr\/wp-content\/uploads\/2022\/12\/conference-1568x1035.jpg 1568w, https:\/\/claire-luce-interprete-lsf.fr\/wp-content\/uploads\/2022\/12\/conference.jpg 1860w\" sizes=\"auto, (max-width: 1024px) 100vw, 1024px\" \/><\/figure>\n<\/div>\n\n\n\n<div class=\"wp-block-column is-vertically-aligned-top is-layout-flow wp-block-column-is-layout-flow\">\n<p class=\"has-text-align-left\">La conf\u00e9rence poss\u00e8de un enjeu particulier. L&#8217;interpr\u00e8te n&#8217;a pas l&#8217;opportunit\u00e9 d&#8217;interrompre l&#8217;orateur s&#8217;il n&#8217;a pas compris un concept ou s&#8217;il n&#8217;a pas entendu un mot ou encore s&#8217;il a un doute. Ce type d&#8217;interpr\u00e9tation demande une <strong>concentration <\/strong>et<strong> une grande rapidit\u00e9 intellectuelle<\/strong>. C&#8217;est pour cela qu&#8217;un interpr\u00e8te n&#8217;intervient pas seul sur ce type de prestation et que deux ou trois coll\u00e8gues se relaient. Vous les verrez souvent en train de se laisser des messages dans un carnet: les heures de changements de relais, des informations sur certains \u00e9l\u00e9ments du discours ou sur une suggestion de placement de l&#8217;interpr\u00e8te par exemple y sont not\u00e9s. <\/p>\n<\/div>\n<\/div>\n\n\n\n<figure class=\"wp-block-image size-large is-resized\"><img loading=\"lazy\" decoding=\"async\" width=\"1024\" height=\"934\" src=\"http:\/\/claire-luce-interprete-lsf.fr\/wp-content\/uploads\/2023\/11\/Duo-day-23-11-2023-Prefecture-de-Caen-1024x934.jpg\" alt=\"\" class=\"wp-image-474\" style=\"width:341px;height:auto\" srcset=\"https:\/\/claire-luce-interprete-lsf.fr\/wp-content\/uploads\/2023\/11\/Duo-day-23-11-2023-Prefecture-de-Caen-1024x934.jpg 1024w, https:\/\/claire-luce-interprete-lsf.fr\/wp-content\/uploads\/2023\/11\/Duo-day-23-11-2023-Prefecture-de-Caen-300x273.jpg 300w, https:\/\/claire-luce-interprete-lsf.fr\/wp-content\/uploads\/2023\/11\/Duo-day-23-11-2023-Prefecture-de-Caen-768x700.jpg 768w, https:\/\/claire-luce-interprete-lsf.fr\/wp-content\/uploads\/2023\/11\/Duo-day-23-11-2023-Prefecture-de-Caen-1536x1400.jpg 1536w, https:\/\/claire-luce-interprete-lsf.fr\/wp-content\/uploads\/2023\/11\/Duo-day-23-11-2023-Prefecture-de-Caen-1568x1429.jpg 1568w, https:\/\/claire-luce-interprete-lsf.fr\/wp-content\/uploads\/2023\/11\/Duo-day-23-11-2023-Prefecture-de-Caen.jpg 2048w\" sizes=\"auto, (max-width: 1024px) 100vw, 1024px\" \/><\/figure>\n\n\n\n<p><em>Les vid\u00e9os ne sont pas encore actives, elles sont en pr\u00e9paration, merci de votre patience<\/em><\/p>\n\n\n\n<img decoding=\"async\" src=\"https:\/\/media.istockphoto.com\/id\/1310634705\/fr\/vectoriel\/mod%C3%A8le-de-lecteur-vid%C3%A9o-pour-applications-web-ou-mobiles-blogs.jpg?s=612x612&amp;w=0&amp;k=20&amp;c=0K-b-ELJehY8oGN0WXVsu8nIawd2aLCsrnOo6SAhhFQ=\" width=\"100%\">\n\n\n\n<p>Ne croyez pas que l&#8217;interpr\u00e8te qui attend son relai fait une pause, en fait, quand on ne traduit pas on suit le discours: celui qui est en court d&#8217;interpr\u00e9tation peut ne pas connaitre un signe local, peut ne pas avoir entendu (ou vu) un morceau de phrase, ou tout simplement avoir une quinte de toux, son coll\u00e8gue a un r\u00f4le de souffleur ou peu reprendre un relai en cas de probl\u00e8me.<\/p>\n\n\n\n<p>Parfois \u00e9galement, malgr\u00e9 les demandes faites en amont, les conf\u00e9renciers ne fournissent pas les textes, notes ou vid\u00e9os qui seront pr\u00e9sent\u00e9s. L&#8217;interpr\u00e8te qui est en relai doit \u00eatre encore plus vigilent  et peut \u00eatre amen\u00e9 \u00e0 faire des recherches sur internet via les t\u00e9l\u00e9phones portables. En effet, nous ne sommes pas des sp\u00e9cialistes dans tous les domaines, nous avons besoin de faire ce que nous appelons des <strong>pr\u00e9parations<\/strong>: recherches de concepts, de vocabulaire, de r\u00e9f\u00e9rences\u2026<\/p>\n\n\n\n<p>Tout ceci explique pourquoi le tarif de conf\u00e9rence est plus \u00e9lev\u00e9 que celui de liaison.<\/p>\n\n\n\n\n\n\n\n\n\n\n\n\n\n<figure class=\"wp-block-gallery has-nested-images columns-default is-cropped wp-block-gallery-1 is-layout-flex wp-block-gallery-is-layout-flex\"><\/figure>\n","protected":false},"excerpt":{"rendered":"<p>Cette cat\u00e9gorie regroupe \u00e9galement les grandes r\u00e9unions ou les contenus plus cons\u00e9quents. Certaines formations entre \u00e9galement dans ce cadre. La conf\u00e9rence poss\u00e8de un enjeu particulier. L&#8217;interpr\u00e8te n&#8217;a pas l&#8217;opportunit\u00e9 d&#8217;interrompre l&#8217;orateur s&#8217;il n&#8217;a pas compris un concept ou s&#8217;il n&#8217;a pas entendu un mot ou encore s&#8217;il a un doute. Ce type d&#8217;interpr\u00e9tation demande une &hellip; <\/p>\n<p class=\"link-more\"><a href=\"https:\/\/claire-luce-interprete-lsf.fr\/index.php\/interpretation-de-conference\/\" class=\"more-link\">Continue reading<span class=\"screen-reader-text\"> &#8220;Interpr\u00e9tation de conf\u00e9rence&#8221;<\/span><\/a><\/p>\n","protected":false},"author":1,"featured_media":0,"parent":0,"menu_order":0,"comment_status":"closed","ping_status":"closed","template":"","meta":{"_monsterinsights_skip_tracking":false,"_monsterinsights_sitenote_active":false,"_monsterinsights_sitenote_note":"","_monsterinsights_sitenote_category":0,"footnotes":""},"class_list":["post-207","page","type-page","status-publish","hentry","entry"],"_links":{"self":[{"href":"https:\/\/claire-luce-interprete-lsf.fr\/index.php\/wp-json\/wp\/v2\/pages\/207","targetHints":{"allow":["GET"]}}],"collection":[{"href":"https:\/\/claire-luce-interprete-lsf.fr\/index.php\/wp-json\/wp\/v2\/pages"}],"about":[{"href":"https:\/\/claire-luce-interprete-lsf.fr\/index.php\/wp-json\/wp\/v2\/types\/page"}],"author":[{"embeddable":true,"href":"https:\/\/claire-luce-interprete-lsf.fr\/index.php\/wp-json\/wp\/v2\/users\/1"}],"replies":[{"embeddable":true,"href":"https:\/\/claire-luce-interprete-lsf.fr\/index.php\/wp-json\/wp\/v2\/comments?post=207"}],"version-history":[{"count":13,"href":"https:\/\/claire-luce-interprete-lsf.fr\/index.php\/wp-json\/wp\/v2\/pages\/207\/revisions"}],"predecessor-version":[{"id":475,"href":"https:\/\/claire-luce-interprete-lsf.fr\/index.php\/wp-json\/wp\/v2\/pages\/207\/revisions\/475"}],"wp:attachment":[{"href":"https:\/\/claire-luce-interprete-lsf.fr\/index.php\/wp-json\/wp\/v2\/media?parent=207"}],"curies":[{"name":"wp","href":"https:\/\/api.w.org\/{rel}","templated":true}]}}