{"id":213,"date":"2022-10-21T01:13:22","date_gmt":"2022-10-20T23:13:22","guid":{"rendered":"http:\/\/claire-luce-interprete-lsf.fr\/?page_id=213"},"modified":"2023-01-02T22:03:01","modified_gmt":"2023-01-02T21:03:01","slug":"la-traduction","status":"publish","type":"page","link":"https:\/\/claire-luce-interprete-lsf.fr\/index.php\/la-traduction\/","title":{"rendered":"La traduction"},"content":{"rendered":"\n<div class=\"wp-block-columns is-layout-flex wp-container-core-columns-is-layout-9d6595d7 wp-block-columns-is-layout-flex\">\n<div class=\"wp-block-column is-layout-flow wp-block-column-is-layout-flow\">\n<figure class=\"wp-block-image size-full is-style-default\"><img loading=\"lazy\" decoding=\"async\" width=\"408\" height=\"385\" src=\"http:\/\/claire-luce-interprete-lsf.fr\/wp-content\/uploads\/2022\/12\/traduction-ecrite-video-LSF.jpg\" alt=\"Traduction \u00e0 distance\" class=\"wp-image-405\" srcset=\"https:\/\/claire-luce-interprete-lsf.fr\/wp-content\/uploads\/2022\/12\/traduction-ecrite-video-LSF.jpg 408w, https:\/\/claire-luce-interprete-lsf.fr\/wp-content\/uploads\/2022\/12\/traduction-ecrite-video-LSF-300x283.jpg 300w\" sizes=\"auto, (max-width: 408px) 100vw, 408px\" \/><figcaption class=\"wp-element-caption\">Traduction \u00e9crite en diff\u00e9r\u00e9<\/figcaption><\/figure>\n<\/div>\n\n\n\n<div class=\"wp-block-column is-layout-flow wp-block-column-is-layout-flow\">\n<p>Une cinqui\u00e8me situation existe \u00e9galement, il s&#8217;agit de la <strong>traduction<\/strong>. Cet exercice n\u00e9cessite un <strong>support \u00e9crit<\/strong> ou <strong>une vid\u00e9o<\/strong>. Si vous avez une vid\u00e9o en LSF, une interpr\u00e9tation peut \u00eatre faite <strong>en directe<\/strong>, mais si vous voulez <strong>une trace \u00e9crite<\/strong>, on parle de <strong>traduction<\/strong>. De m\u00eame, si vous avez un courrier \u00e0 \u00e9crire, ce dernier peut \u00eatre fait ensemble, vous <strong>signez <\/strong>(ou <strong>n\u00e9otomalaliez <\/strong>du verbe <strong>n\u00e9otomalalier<\/strong>), l&#8217;interpr\u00e8te <strong>transcrit <\/strong>la <strong>traduction<\/strong>, ou cela peut \u00eatre en <strong>diff\u00e9r\u00e9<\/strong>, en ce cas le plus souvent une vid\u00e9o est donn\u00e9e \u00e0 l&#8217;interpr\u00e8te qui ensuite effectue la <strong>transcription<\/strong>.<\/p>\n<\/div>\n<\/div>\n\n\n\n<p>La traduction se fait \u00e9galement en sens inverse, une lettre peut \u00eatre donn\u00e9e \u00e0 lire \u00e0 l&#8217;interpr\u00e8te qui fera l&#8217;exercice en direct ou qui produira une vid\u00e9o. La lettre n&#8217;est qu&#8217;un exemple, la traduction peut se faire avec tout support \u00e9crit ou vid\u00e9o. Pour ma part, je pr\u00e9f\u00e8re orienter vers des <strong>professionnels de la traduction<\/strong> pour des exercices destin\u00e9s \u00e0 <strong>perdurer <\/strong>(s<strong>ous-titrages de documentaires<\/strong>, <strong>m\u00e9moires de recherches<\/strong>, etc.). Ces professionnels ont un <strong>dipl\u00f4me universitaire<\/strong> qui sanctionne une formation sp\u00e9cialement d\u00e9di\u00e9e \u00e0 cet exercice.<\/p>\n\n\n\n<img decoding=\"async\" src=\"https:\/\/media.istockphoto.com\/id\/1310634705\/fr\/vectoriel\/mod%C3%A8le-de-lecteur-vid%C3%A9o-pour-applications-web-ou-mobiles-blogs.jpg?s=612x612&amp;w=0&amp;k=20&amp;c=0K-b-ELJehY8oGN0WXVsu8nIawd2aLCsrnOo6SAhhFQ=\" width=\"100%\">\n\n\n\n<p><em>Les vid\u00e9os ne sont pas encore actives, elles sont en pr\u00e9paration, merci de votre patience<\/em><\/p>\n","protected":false},"excerpt":{"rendered":"<p>Une cinqui\u00e8me situation existe \u00e9galement, il s&#8217;agit de la traduction. Cet exercice n\u00e9cessite un support \u00e9crit ou une vid\u00e9o. Si vous avez une vid\u00e9o en LSF, une interpr\u00e9tation peut \u00eatre faite en directe, mais si vous voulez une trace \u00e9crite, on parle de traduction. De m\u00eame, si vous avez un courrier \u00e0 \u00e9crire, ce dernier &hellip; <\/p>\n<p class=\"link-more\"><a href=\"https:\/\/claire-luce-interprete-lsf.fr\/index.php\/la-traduction\/\" class=\"more-link\">Continue reading<span class=\"screen-reader-text\"> &#8220;La traduction&#8221;<\/span><\/a><\/p>\n","protected":false},"author":1,"featured_media":0,"parent":0,"menu_order":0,"comment_status":"closed","ping_status":"closed","template":"","meta":{"_monsterinsights_skip_tracking":false,"_monsterinsights_sitenote_active":false,"_monsterinsights_sitenote_note":"","_monsterinsights_sitenote_category":0,"footnotes":""},"class_list":["post-213","page","type-page","status-publish","hentry","entry"],"_links":{"self":[{"href":"https:\/\/claire-luce-interprete-lsf.fr\/index.php\/wp-json\/wp\/v2\/pages\/213","targetHints":{"allow":["GET"]}}],"collection":[{"href":"https:\/\/claire-luce-interprete-lsf.fr\/index.php\/wp-json\/wp\/v2\/pages"}],"about":[{"href":"https:\/\/claire-luce-interprete-lsf.fr\/index.php\/wp-json\/wp\/v2\/types\/page"}],"author":[{"embeddable":true,"href":"https:\/\/claire-luce-interprete-lsf.fr\/index.php\/wp-json\/wp\/v2\/users\/1"}],"replies":[{"embeddable":true,"href":"https:\/\/claire-luce-interprete-lsf.fr\/index.php\/wp-json\/wp\/v2\/comments?post=213"}],"version-history":[{"count":10,"href":"https:\/\/claire-luce-interprete-lsf.fr\/index.php\/wp-json\/wp\/v2\/pages\/213\/revisions"}],"predecessor-version":[{"id":439,"href":"https:\/\/claire-luce-interprete-lsf.fr\/index.php\/wp-json\/wp\/v2\/pages\/213\/revisions\/439"}],"wp:attachment":[{"href":"https:\/\/claire-luce-interprete-lsf.fr\/index.php\/wp-json\/wp\/v2\/media?parent=213"}],"curies":[{"name":"wp","href":"https:\/\/api.w.org\/{rel}","templated":true}]}}