{"id":34,"date":"2022-10-03T00:13:24","date_gmt":"2022-10-02T22:13:24","guid":{"rendered":"http:\/\/claire-luce-interprete-lsf.fr\/?page_id=34"},"modified":"2023-11-02T13:57:09","modified_gmt":"2023-11-02T12:57:09","slug":"devis","status":"publish","type":"page","link":"https:\/\/claire-luce-interprete-lsf.fr\/index.php\/devis\/","title":{"rendered":"Devis"},"content":{"rendered":"\n<p><strong>Guide du nombre d\u2019interpr\u00e8tes pour une intervention<\/strong><\/p>\n\n\n\n<p><font style=\"vertical-align: inherit;\"><font style=\"vertical-align: inherit;\">La <strong>charge cognitive<\/strong> n\u00e9cessaire \u00e0 une interpr\u00e9tation de qualit\u00e9 fait que l&#8217;interpr\u00e8te (ILS) <\/font><\/font>ne peut traduire plus de 2 heures seule par demi-journ\u00e9e. Cependant, si le contenu est tr\u00e8s dense, s&#8217;il s&#8217;agit d&#8217;une conf\u00e9rence ou si une pause ne peut avoir lieu au bout de 50 min environ, alors deux interpr\u00e8tes voir trois seront n\u00e9cessaires. Le tableau ci-dessous ne pr\u00e9tend pas r\u00e9pondre \u00e0 toutes les situations mais il permet d&#8217;avoir une premi\u00e8re estimation.<\/p>\n\n\n\n<figure class=\"wp-block-table\"><table><tbody><tr><td style=\"border-top:none; border-left:none;\">&nbsp;<\/td><td style=\"border-color:#000000; background-color:#cd5c5c;\">\u22641 h<\/td><td style=\"background-color:#cd5c5c;\">\u22642 h<\/td><td style=\"background-color:#cd5c5c;\">+ de 2 h  et \u2013 de 4 h<\/td><\/tr><tr><td style=\"background-color:#deb887\">Liaison<\/td><td style=\"background-color:#9acd32;\">1 ILS<\/td><td style=\"background-color:#9acd32;\">1 ILS avec une pause<\/td><td style=\"background-color:#87cefa;\">2 ILS<\/td><\/tr><tr><td style=\"background-color:#deb887\">R\u00e9union<\/td><td style=\"background-color:#9acd32;\">1 ILS<\/td><td style=\"background-color:#87cefa;\">2 ILS<\/td><td style=\"background-color:#87cefa;\">2 ILS<\/td><\/tr><tr><td style=\"background-color:#deb887\">Conf\u00e9rence ou grande r\u00e9union<\/td><td style=\"background-color:#87cefa;\">2 ILS<\/td><td style=\"background-color:#87cefa;\">2 ILS<\/td><td style=\"background-color:#87cefa;\">2 ou 3 ILS<\/td><\/tr><tr><td style=\"background-color:#deb887\">Journ\u00e9e de formation<\/td><td>&#8211;<\/td><td>&#8211;<\/td><td style=\"background-color:#87cefa;\">2 ILS<\/td><\/tr><tr><td style=\"background-color:#deb887\">Visio-interpr\u00e9tation<\/td><td style=\"background-color:#9acd32;\">1 ILS<\/td><td>&#8211;<\/td><td>&#8211;<\/td><\/tr><\/tbody><\/table><\/figure>\n\n\n\n<hr class=\"wp-block-separator has-alpha-channel-opacity\"\/>\n\n\n\n<p><strong>Base tarifaire 2023<\/strong><\/p>\n\n\n\n<figure class=\"wp-block-table\"><table><tbody><tr><td style=\"border-top:none; border-left:none;\">&nbsp;<\/td><td style=\"background-color:#9acd32\">Particulier<\/td><td style=\"background-color:Gold\">Association<\/td><td style=\"background-color:#cd5c5c;\">Professionnel<\/td><\/tr><tr><td style=\"background-color:#deb887\">Frais kilom\u00e9trique au Km<\/td><td style=\"background-color:#F0E68C\">1,20&nbsp;\u20ac HT<\/td><td style=\"background-color:#FFFFE0\">1,20&nbsp;\u20ac HT<\/td><td style=\"background-color:#FFE4E1;\">1,40&nbsp;\u20ac HT<\/td><\/tr><tr><td style=\"background-color:#deb887\">Tarif horaire en journ\u00e9e (8h-18h)<\/td><td style=\"background-color:#F0E68C\">65,00&nbsp;\u20ac HT<\/td><td style=\"background-color:#FFFFE0\">80,00&nbsp;\u20ac HT<\/td><td style=\"background-color:#FFE4E1;\">85,00&nbsp;\u20ac HT<\/td><\/tr><tr><td style=\"background-color:#deb887\">Tarif horaire (avant&nbsp;8h, apr\u00e8s&nbsp;18h)<\/td><td style=\"background-color:#F0E68C\">75,00&nbsp;\u20ac HT<\/td><td style=\"background-color:#FFFFE0\">85,00&nbsp;\u20ac HT<\/td><td style=\"background-color:#FFE4E1;\">95,00&nbsp;\u20ac HT<\/td><\/tr><tr><td style=\"background-color:#deb887\">Tarif horaire Conf\u00e9rence \/ r\u00e9union<\/td><td style=\"background-color:#F0E68C\">80,00&nbsp;\u20ac HT<\/td><td style=\"background-color:#FFFFE0\">95,00&nbsp;\u20ac HT<\/td><td style=\"background-color:#FFE4E1;\">105,00&nbsp;\u20ac HT<\/td><\/tr><tr><td style=\"background-color:#deb887\">Tarif horaire week-end\/ jour f\u00e9ri\u00e9<\/td><td style=\"background-color:#F0E68C\">85,00&nbsp;\u20ac HT<\/td><td style=\"background-color:#FFFFE0\">105,00&nbsp;\u20ac HT<\/td><td style=\"background-color:#FFE4E1;\">115,00&nbsp;\u20ac HT<\/td><\/tr><tr><td style=\"background-color:#deb887\">Tarif horaire visio-conf\u00e9rence<\/td><td style=\"background-color:#F0E68C\">15,00&nbsp;\u20ac HT\/ 15&nbsp;min<\/td><td style=\"background-color:#FFFFE0\">85,00&nbsp;\u20ac HT\/ H<\/td><td style=\"background-color:#FFE4E1;\">90,00&nbsp;\u20ac HT\/ H<\/td><\/tr><\/tbody><\/table><\/figure>\n\n\n\n<p>Les frais de p\u00e9ages, la restauration, parking\u2026 sont factur\u00e9s au r\u00e9el.<\/p>\n\n\n\n<p>Les captations et traductions font l\u2019objets de demandes sp\u00e9cifiques.<\/p>\n\n\n\n<div class=\"wp-block-columns is-layout-flex wp-container-core-columns-is-layout-9d6595d7 wp-block-columns-is-layout-flex\">\n<div class=\"wp-block-column is-layout-flow wp-block-column-is-layout-flow\" style=\"flex-basis:100%\">\n<p>Demander un devis : claireluce.interprete @ gmail.com.<\/p>\n<\/div>\n<\/div>\n","protected":false},"excerpt":{"rendered":"<p>Guide du nombre d\u2019interpr\u00e8tes pour une intervention La charge cognitive n\u00e9cessaire \u00e0 une interpr\u00e9tation de qualit\u00e9 fait que l&#8217;interpr\u00e8te (ILS) ne peut traduire plus de 2 heures seule par demi-journ\u00e9e. Cependant, si le contenu est tr\u00e8s dense, s&#8217;il s&#8217;agit d&#8217;une conf\u00e9rence ou si une pause ne peut avoir lieu au bout de 50 min environ, &hellip; <\/p>\n<p class=\"link-more\"><a href=\"https:\/\/claire-luce-interprete-lsf.fr\/index.php\/devis\/\" class=\"more-link\">Continue reading<span class=\"screen-reader-text\"> &#8220;Devis&#8221;<\/span><\/a><\/p>\n","protected":false},"author":1,"featured_media":0,"parent":0,"menu_order":0,"comment_status":"closed","ping_status":"closed","template":"","meta":{"_monsterinsights_skip_tracking":false,"_monsterinsights_sitenote_active":false,"_monsterinsights_sitenote_note":"","_monsterinsights_sitenote_category":0,"footnotes":""},"class_list":["post-34","page","type-page","status-publish","hentry","entry"],"_links":{"self":[{"href":"https:\/\/claire-luce-interprete-lsf.fr\/index.php\/wp-json\/wp\/v2\/pages\/34","targetHints":{"allow":["GET"]}}],"collection":[{"href":"https:\/\/claire-luce-interprete-lsf.fr\/index.php\/wp-json\/wp\/v2\/pages"}],"about":[{"href":"https:\/\/claire-luce-interprete-lsf.fr\/index.php\/wp-json\/wp\/v2\/types\/page"}],"author":[{"embeddable":true,"href":"https:\/\/claire-luce-interprete-lsf.fr\/index.php\/wp-json\/wp\/v2\/users\/1"}],"replies":[{"embeddable":true,"href":"https:\/\/claire-luce-interprete-lsf.fr\/index.php\/wp-json\/wp\/v2\/comments?post=34"}],"version-history":[{"count":72,"href":"https:\/\/claire-luce-interprete-lsf.fr\/index.php\/wp-json\/wp\/v2\/pages\/34\/revisions"}],"predecessor-version":[{"id":452,"href":"https:\/\/claire-luce-interprete-lsf.fr\/index.php\/wp-json\/wp\/v2\/pages\/34\/revisions\/452"}],"wp:attachment":[{"href":"https:\/\/claire-luce-interprete-lsf.fr\/index.php\/wp-json\/wp\/v2\/media?parent=34"}],"curies":[{"name":"wp","href":"https:\/\/api.w.org\/{rel}","templated":true}]}}