{"id":42,"date":"2022-10-03T00:26:23","date_gmt":"2022-10-02T22:26:23","guid":{"rendered":"http:\/\/claire-luce-interprete-lsf.fr\/?page_id=42"},"modified":"2023-11-16T21:45:59","modified_gmt":"2023-11-16T20:45:59","slug":"accueil","status":"publish","type":"page","link":"https:\/\/claire-luce-interprete-lsf.fr\/","title":{"rendered":"Accueil"},"content":{"rendered":"\n<p>Claire LUCE, interpr\u00e8te LSF- Fran\u00e7ais sur Caen et une partie de la Normandie.<\/p>\n\n\n\n<p>La <strong>Langue des Signes Fran\u00e7aise<\/strong>, <strong>LSF<\/strong>, est une langue parl\u00e9e par des milliers de personnes sourdes ou <strong>malentendantes<\/strong>. Comme toute langue, la langue des Signes et non <strong>langage des signes<\/strong>, se r\u00e9f\u00e8re \u00e0 une culture, la <strong>culture Sourde<\/strong>. <\/p>\n\n\n\n<p>Afin de mieux se rep\u00e9rer dans le monde de la surdit\u00e9 sous l\u2019angle de la traduction et trouver ce dont vous avez besoin, vous trouverez, entre autres, des informations concernant les conditions d&#8217;exercice de l&#8217;interpr\u00e8te LSF\/fran\u00e7ais, les bases tarifaires, mes contacts.<\/p>\n\n\n\n<iframe loading=\"lazy\" width=\"560\" height=\"315\" src=\"https:\/\/www.youtube.com\/embed\/W0bC8FNaqXI?si=bnhsLsJPgVGl21wn\" title=\"YouTube video player\" frameborder=\"0\" allow=\"accelerometer; autoplay; clipboard-write; encrypted-media; gyroscope; picture-in-picture; web-share\" allowfullscreen><\/iframe>\n\n\n\n<p><\/p>\n","protected":false},"excerpt":{"rendered":"<p>Claire LUCE, interpr\u00e8te LSF- Fran\u00e7ais sur Caen et une partie de la Normandie. La Langue des Signes Fran\u00e7aise, LSF, est une langue parl\u00e9e par des milliers de personnes sourdes ou malentendantes. Comme toute langue, la langue des Signes et non langage des signes, se r\u00e9f\u00e8re \u00e0 une culture, la culture Sourde. Afin de mieux se &hellip; <\/p>\n<p class=\"link-more\"><a href=\"https:\/\/claire-luce-interprete-lsf.fr\/\" class=\"more-link\">Continue reading<span class=\"screen-reader-text\"> &#8220;Accueil&#8221;<\/span><\/a><\/p>\n","protected":false},"author":1,"featured_media":0,"parent":0,"menu_order":0,"comment_status":"closed","ping_status":"closed","template":"","meta":{"_monsterinsights_skip_tracking":false,"_monsterinsights_sitenote_active":false,"_monsterinsights_sitenote_note":"","_monsterinsights_sitenote_category":0,"footnotes":""},"class_list":["post-42","page","type-page","status-publish","hentry","entry"],"_links":{"self":[{"href":"https:\/\/claire-luce-interprete-lsf.fr\/index.php\/wp-json\/wp\/v2\/pages\/42","targetHints":{"allow":["GET"]}}],"collection":[{"href":"https:\/\/claire-luce-interprete-lsf.fr\/index.php\/wp-json\/wp\/v2\/pages"}],"about":[{"href":"https:\/\/claire-luce-interprete-lsf.fr\/index.php\/wp-json\/wp\/v2\/types\/page"}],"author":[{"embeddable":true,"href":"https:\/\/claire-luce-interprete-lsf.fr\/index.php\/wp-json\/wp\/v2\/users\/1"}],"replies":[{"embeddable":true,"href":"https:\/\/claire-luce-interprete-lsf.fr\/index.php\/wp-json\/wp\/v2\/comments?post=42"}],"version-history":[{"count":29,"href":"https:\/\/claire-luce-interprete-lsf.fr\/index.php\/wp-json\/wp\/v2\/pages\/42\/revisions"}],"predecessor-version":[{"id":471,"href":"https:\/\/claire-luce-interprete-lsf.fr\/index.php\/wp-json\/wp\/v2\/pages\/42\/revisions\/471"}],"wp:attachment":[{"href":"https:\/\/claire-luce-interprete-lsf.fr\/index.php\/wp-json\/wp\/v2\/media?parent=42"}],"curies":[{"name":"wp","href":"https:\/\/api.w.org\/{rel}","templated":true}]}}